{"id":4644,"date":"2018-12-17T16:37:18","date_gmt":"2018-12-17T13:37:18","guid":{"rendered":"https:\/\/cleanecoworld.ee\/?page_id=4644\/"},"modified":"2018-12-17T16:37:18","modified_gmt":"2018-12-17T13:37:18","slug":"privacy-policy","status":"publish","type":"page","link":"https:\/\/cleanecoworld.ee\/en\/privacy-policy\/","title":{"rendered":"Privacy Policy"},"content":{"rendered":"<p><strong>PRIVAATSUSTINGIMUSED<\/strong><\/p>\n<p><strong>Kliendiandmete t\u00f6\u00f6tlemise p\u00f5him\u00f5tted<\/strong><\/p>\n<p>K\u00e4esolev dokument m\u00e4\u00e4ratleb Clean Success O\u00dc k\u00e4sutuses olevate kliendiandmete t\u00f6\u00f6tlemise eesm\u00e4rgid, koosseisu, t\u00f6\u00f6tlemise ning salastatuse.<\/p>\n<p><strong>Kes on klient? <\/strong><\/p>\n<p>Isik, kes tellib Clean Success O\u00dc tooteid ja kasutab meie e-poodi.<\/p>\n<p><strong>Mis on kliendiandmed? <\/strong><\/p>\n<p>Kliendiandmed on igasugune info, mis on Clean Success O\u00dc-le oma kliendi kohta teada (nt kliendi nimi, isikukood, kontaktandmed, tehingute andmed jne).<\/p>\n<p><strong>Mida t\u00e4hendab kliendiandmete t\u00f6\u00f6tlemine?<\/strong><\/p>\n<p>Kliendiandmete t\u00f6\u00f6tlemine on igasugune kliendiandmetega tehtav toiming (sh kliendiandmete kogumine, salvestamine, korrastamine, s\u00e4ilitamine, muutmine, avalikustamine, juurdep\u00e4\u00e4su v\u00f5imaldamine kliendiandmetele, p\u00e4ringute ja v\u00e4ljav\u00f5tete tegemine, kasutamine, edastamine, \u00fchendamine, sulgemine, kustutamine ja h\u00e4vitamine).<\/p>\n<p><strong>Kes on kliendiandmete t\u00f6\u00f6tleja? <\/strong><\/p>\n<p>Kliendiandmete t\u00f6\u00f6tleja on Clean Success O\u00dc (registrikood 14067769, asukohaga Kivi 12, Paldiski 76805. Kliendiandmete volitatud t\u00f6\u00f6tleja on DPD Eesti AS, Itella SmartPOST O\u00dc, Omniva AS. Clean Success O\u00dc on isikuandmete vastutav t\u00f6\u00f6tleja. Samuti Clean Success O\u00dc edastab maksete teostamiseks vajalikud isikuandmed volitatud t\u00f6\u00f6tleja Maksekeskus AS-le.<\/p>\n<p><strong>Kes on kolmas isik? <\/strong><\/p>\n<p>Kolmas isik on f\u00fc\u00fcsiline v\u00f5i juriidiline isik, kes ei ole klient ega kliendiandmete t\u00f6\u00f6tleja.<\/p>\n<p><strong>Clean Success O\u00dc kogub kliendiandmeid j\u00e4rgmises koosseisus:<\/strong><\/p>\n<ul>\n<li>ees- ja perekonnanimi;<\/li>\n<li>ettev\u00f5tte nimi;<\/li>\n<li>aadress;<\/li>\n<li>telefon;<\/li>\n<li>e-mail;<\/li>\n<li>tehingute andmed (kliendi poolt sooritatud ostude andmed), andmed harjumuste, eelistuste ja rahulolu kohta (nt andmed toodete kasutamise aktiivsuse, kasutatavate toodete ja kliendirahulolu kohta ning kaebustega seotud andmed).<\/li>\n<\/ul>\n<p>Seaduses s\u00e4testatud alustel on Clean Success O\u00dc-l \u00f5igus t\u00f6\u00f6delda kliendi kohta k\u00e4ivaid andmeid, mida ei ole k\u00e4esolevas N\u00f5usolekus nimetatud.<\/p>\n<p><strong>Milline on kliendiandmete t\u00f6\u00f6tlemise eesm\u00e4rk?<\/strong><\/p>\n<ul>\n<li>t\u00e4ita kliendi tellimust;<\/li>\n<li>kaitsta oma rikutud v\u00f5i vaidlustatud \u00f5igusi;<\/li>\n<li>paremini m\u00f5ista klientide ootusi ning seel\u00e4bi pakkuda kliendile sobivaid ja kvaliteetseid tooteid;<\/li>\n<li>t\u00e4ita oma kohustusi, mis tulenevad \u00f5igusnormidest.<\/li>\n<\/ul>\n<p><strong>Millistel juhtudel Clean Success O\u00dc avaldab kliendiandmeid?<\/strong><\/p>\n<p>Kliendiandmed on salajased, neid ei v\u00e4ljastata ning neile ei v\u00f5imaldata Kolmandate isikute poolt ligip\u00e4\u00e4su, ilma Kliendi eelneva n\u00f5usolekuta, v.a seadustes etten\u00e4htud juhtudel. Postitusfirmadega ja Maksekeskusega on Clean Success O\u00dc s\u00f5lminud lepingud edastatava teabe konfidentsiaalse kasutamise kohta.<\/p>\n<p><strong>Kuidas Clean Success O\u00dc kasutab kliendiandmeid teenuste pakkumisel? <\/strong><\/p>\n<p>Clean Success O\u00dc saadab Klientidele toodete pakkumisi. Kliendil on \u00f5igus igal ajal Clean Success O\u00dc-ga \u00fchendust v\u00f5tta, et teatada oma soovist personaalseid pakkumisi mitte saada.<\/p>\n<p><strong>Kuidas muuta oma kliendiandmeid ja taotleda nende t\u00f6\u00f6tlemise l\u00f5petamist? <\/strong><\/p>\n<p>Kliendil on \u00f5igus tutvuda oma kliendiandmetega e-posti info@cleanecoworld.ee vahendusel.<br \/>\nKliendil on \u00f5igus n\u00f5uda oma andmete t\u00f6\u00f6tlemise l\u00f5petamist ja\/v\u00f5i kogutud andmete kustutamist, kui vastav \u00f5igus tuleneb isikuandmete kaitse seadust v\u00f5i muust \u00f5igusaktist. Kui klient ei soovi turundusliku infot, siis palume p\u00f6\u00f6ruda meie poole.<\/p>\n<p><strong>Kust saab t\u00e4iendavat infot kliendiandmete t\u00f6\u00f6tlemise kohta? <\/strong><\/p>\n<p>Kui soovite oma kliendiandmete t\u00f6\u00f6tlemise kohta lisainformatsiooni, kirjutage e-posti aadressil info@cleanecoworld.ee. Vastame Teie kirjadele t\u00f6\u00f6p\u00e4eviti kella 09.00-17.00ni,\u00a0 kahe t\u00f6\u00f6p\u00e4eva jooksul.<\/p>\n","protected":false},"excerpt":{"rendered":"<p>PRIVAATSUSTINGIMUSED Kliendiandmete t\u00f6\u00f6tlemise p\u00f5him\u00f5tted K\u00e4esolev dokument m\u00e4\u00e4ratleb Clean Success O\u00dc k\u00e4sutuses olevate kliendiandmete t\u00f6\u00f6tlemise eesm\u00e4rgid, koosseisu, t\u00f6\u00f6tlemise ning salastatuse. Kes on klient? Isik, kes tellib Clean Success O\u00dc tooteid ja kasutab meie e-poodi. Mis on kliendiandmed? Kliendiandmed on igasugune info, mis on Clean Success O\u00dc-le&#8230;<\/p>\n","protected":false},"author":1,"featured_media":0,"parent":0,"menu_order":0,"comment_status":"closed","ping_status":"closed","template":"","meta":{"footnotes":""},"yst_prominent_words":[],"jetpack_sharing_enabled":true,"_links":{"self":[{"href":"https:\/\/cleanecoworld.ee\/en\/wp-json\/wp\/v2\/pages\/4644"}],"collection":[{"href":"https:\/\/cleanecoworld.ee\/en\/wp-json\/wp\/v2\/pages"}],"about":[{"href":"https:\/\/cleanecoworld.ee\/en\/wp-json\/wp\/v2\/types\/page"}],"author":[{"embeddable":true,"href":"https:\/\/cleanecoworld.ee\/en\/wp-json\/wp\/v2\/users\/1"}],"replies":[{"embeddable":true,"href":"https:\/\/cleanecoworld.ee\/en\/wp-json\/wp\/v2\/comments?post=4644"}],"version-history":[{"count":1,"href":"https:\/\/cleanecoworld.ee\/en\/wp-json\/wp\/v2\/pages\/4644\/revisions"}],"predecessor-version":[{"id":4645,"href":"https:\/\/cleanecoworld.ee\/en\/wp-json\/wp\/v2\/pages\/4644\/revisions\/4645"}],"wp:attachment":[{"href":"https:\/\/cleanecoworld.ee\/en\/wp-json\/wp\/v2\/media?parent=4644"}],"wp:term":[{"taxonomy":"yst_prominent_words","embeddable":true,"href":"https:\/\/cleanecoworld.ee\/en\/wp-json\/wp\/v2\/yst_prominent_words?post=4644"}],"curies":[{"name":"wp","href":"https:\/\/api.w.org\/{rel}","templated":true}]}}