{"id":4590,"date":"2018-12-17T14:18:24","date_gmt":"2018-12-17T11:18:24","guid":{"rendered":"https:\/\/cleanecoworld.ee\/?page_id=4590\/"},"modified":"2018-12-17T14:18:24","modified_gmt":"2018-12-17T11:18:24","slug":"%d1%83%d1%81%d0%bb%d0%be%d0%b2%d0%b8%d1%8f-%d0%bf%d0%be%d0%bb%d1%8c%d0%b7%d0%be%d0%b2%d0%b0%d0%bd%d0%b8%d1%8f","status":"publish","type":"page","link":"https:\/\/cleanecoworld.ee\/ru\/%d1%83%d1%81%d0%bb%d0%be%d0%b2%d0%b8%d1%8f-%d0%bf%d0%be%d0%bb%d1%8c%d0%b7%d0%be%d0%b2%d0%b0%d0%bd%d0%b8%d1%8f\/","title":{"rendered":"\u0423\u0441\u043b\u043e\u0432\u0438\u044f \u043f\u043e\u043b\u044c\u0437\u043e\u0432\u0430\u043d\u0438\u044f"},"content":{"rendered":"<p><strong>TELLIMUSE VORMISTAMINE<\/strong><\/p>\n<p>Valige E-poest Teile sobiv toode\/tooted, mida soovite tellida.<\/p>\n<p>M\u00e4\u00e4rake sobiv toodete hulk.<\/p>\n<p>Toode lisatakse seej\u00e4rel automaatselt Ostukorvi.<\/p>\n<p>Ostukorvi sisu kuvatakse ekraanile paremal \u00fcleval nurgas.<\/p>\n<p>Kontrollige \u00fcle Ostukorvis olevad tooted ja kogused.<\/p>\n<p>Kui Teile on edastatud sooduskupong, siis sisestage kupongi kood allahindluse saamiseks vastavasse lahtrisse.<\/p>\n<p>Seej\u00e4rel j\u00e4tkake tellimuse vormistamisega vajutades nupule \u201eVormista tellimus\u201c. Ka tellimuse vormistamisel on v\u00f5imalik vastavasse lahtrisse lisada sooduskupongi kood. Tellimuse saab vormistada nii registreeritud- kui ka k\u00fclaliskasutaja.<\/p>\n<p>Valige teile sobiv tarneviis. Eestis on v\u00f5imalik valida Itella SmartPOST pakiautomaadi, Omniva pakiautomaadi, Omniva postkontori v\u00f5i ise j\u00e4rgi tulemise vahel. Lisaks on v\u00f5imalik valida kulleriga teile sobivale aadressile kohaletoimetamise. V\u00e4lismaal toimetatakse k\u00f5ik pakid kulleriga nimetatud aadressile. Valige men\u00fc\u00fcst, millisest pakiautomaadist soovite paki k\u00e4tte saada. Itella SmartPOST ja Omniva pakiautomaat on \u201ciseteeninduslik postkontor\u201d. Pakiautomaadid asuvad kaubanduskeskustes, kuhu on hea ligip\u00e4\u00e4s, head parkimistingimused ja mis on \u00f5htul kaua avatud. Paki saabumisel automaati saadetakse saaja mobiiltelefonile tekstis\u00f5num uksekoodiga.<\/p>\n<p>Valige Teile sobiv makseviis turvalise Maksekeskuse lingi kaudu.<\/p>\n<p>Teile kuvatakse veel kord tellimus ning Teie poolt sisestatud vajalikud andmed paki saatmiseks. Palun kontrollige need \u00fcle ning kui k\u00f5ik andmed on \u00f5iged ning n\u00f5ustudes tingimustega vajutage nupule \u201cKinnita tellimus\u201c.<\/p>\n<p>Teid suunatakse makset sooritama.<\/p>\n<p>Peale makse sooritamist on tellimus esitatud. Teile kuvatakse arve, mis saadetakse \u00fchtlasi ka Teie meiliaadressile. Kui Teie poolt tellitud kaup on laost antud hetkeks l\u00f5ppenud, teavitame Teid sellest viivitamatult, anname teada uue kauba saabumise aja v\u00f5i tagastame soovi korral raha.<\/p>\n<p style=\"text-align: center;\"><strong>KOHALETOIMETAMINE<\/strong><br \/>\nEesti:<br \/>\n1-7 t\u00f6\u00f6p\u00e4eva<br \/>\nItella SmartPOST pakiautomaati 2.99\u20ac<br \/>\nOmniva pakiautomaat 2.80\u20ac<br \/>\nOmniva pakk postkontorisse: \u20ac3.40\u20ac<br \/>\nKulleriga k\u00e4ttetoimetamine 10\u20ac<br \/>\nSOOME;<br \/>\n1-8 t\u00f6\u00f6p\u00e4eva<br \/>\nItella SmartPOST pakiautomaati 11\u20ac<br \/>\nKulleriga k\u00e4ttetoimetamine 17\u20ac<\/p>\n<p><strong>MAKSEV\u00d5IMALUSED<\/strong><\/p>\n<p>E-poes on v\u00f5imalik ostude eest turvaliselt tasuda l\u00e4bi Maksekeskuse pangalingi. Maksmine toimub eurodes. Vali sobiv makselahendus j\u00e4rgmiste v\u00f5imaluste seast: Swedbank, SEB, Luminor, LHV, Coop Pank ja Pocopay<\/p>\n<p><strong>KAUBA TAGASTAMINE<\/strong><\/p>\n<p>Teil on \u00f5igus kaup tagastada 14 p\u00e4eva jooksul alates kauba k\u00e4ttesaamisest. Tagastatav kaup peab olema kasutamata ja originaalpakendis ning tagastamisavaldus peab olema Clean Success O\u00dc-le saadetud kirjalikult meiliaadressil info@cleanecoworld.ee 14 p\u00e4eva jooksul. Ettemaks t\u00fchistatud tellimuse eest tagastatakse kliendi pangakontole 14 p\u00e4eva jooksul peale avalduse esitamist eeldusel, et kaup tagastatakse selle aja piires Clean Success O\u00dc-le. Klient tasub kauba tagastamisega seotud transpordikulud, va juhul, kui kaup on kahjustustega, mida polnud v\u00e4lisel vaatlusel v\u00f5imalik tuvastada ning mis pole tekkinud pakendi avamisel v\u00f5i kui kaup ei vasta kliendi tellimuses olevale tootele (vale toode).<\/p>\n<p><strong>ARUSAAMATUSTE LAHENDAMINE<\/strong><\/p>\n<p>P\u00f6\u00f6rame sellele suurt t\u00e4helepanu, et tellitud tooted oleksid korralikult pakitud ning j\u00f5uaksid kliendini parimas seisukorras. Kui aga pakend on rikutud v\u00f5i saadetis ei j\u00f5ua kohale 7 p\u00e4eva jooksul (rahvusvaheliste vedude korral 20 p\u00e4eva jooksul) v\u00f5i on tekkinud muid arusaamatusi, siis palume meiega \u00fchendust v\u00f5tta e-maili aadressil info@cleanecoworld.ee, et saaksime tekkinud olukorda arutada. Vastame Teile 2 t\u00f6\u00f6p\u00e4eva jooksul.<\/p>\n<p>&nbsp;<\/p>\n","protected":false},"excerpt":{"rendered":"<p>TELLIMUSE VORMISTAMINE Valige E-poest Teile sobiv toode\/tooted, mida soovite tellida. M\u00e4\u00e4rake sobiv toodete hulk. Toode lisatakse seej\u00e4rel automaatselt Ostukorvi. Ostukorvi sisu kuvatakse ekraanile paremal \u00fcleval nurgas. Kontrollige \u00fcle Ostukorvis olevad tooted ja kogused. Kui Teile on edastatud sooduskupong, siis sisestage kupongi kood allahindluse saamiseks vastavasse&#8230;<\/p>\n","protected":false},"author":1,"featured_media":0,"parent":0,"menu_order":0,"comment_status":"closed","ping_status":"closed","template":"","meta":{"footnotes":""},"yst_prominent_words":[],"jetpack_sharing_enabled":true,"_links":{"self":[{"href":"https:\/\/cleanecoworld.ee\/ru\/wp-json\/wp\/v2\/pages\/4590"}],"collection":[{"href":"https:\/\/cleanecoworld.ee\/ru\/wp-json\/wp\/v2\/pages"}],"about":[{"href":"https:\/\/cleanecoworld.ee\/ru\/wp-json\/wp\/v2\/types\/page"}],"author":[{"embeddable":true,"href":"https:\/\/cleanecoworld.ee\/ru\/wp-json\/wp\/v2\/users\/1"}],"replies":[{"embeddable":true,"href":"https:\/\/cleanecoworld.ee\/ru\/wp-json\/wp\/v2\/comments?post=4590"}],"version-history":[{"count":1,"href":"https:\/\/cleanecoworld.ee\/ru\/wp-json\/wp\/v2\/pages\/4590\/revisions"}],"predecessor-version":[{"id":4591,"href":"https:\/\/cleanecoworld.ee\/ru\/wp-json\/wp\/v2\/pages\/4590\/revisions\/4591"}],"wp:attachment":[{"href":"https:\/\/cleanecoworld.ee\/ru\/wp-json\/wp\/v2\/media?parent=4590"}],"wp:term":[{"taxonomy":"yst_prominent_words","embeddable":true,"href":"https:\/\/cleanecoworld.ee\/ru\/wp-json\/wp\/v2\/yst_prominent_words?post=4590"}],"curies":[{"name":"wp","href":"https:\/\/api.w.org\/{rel}","templated":true}]}}